{"id":1412,"date":"2025-02-18T15:32:42","date_gmt":"2025-02-18T20:32:42","guid":{"rendered":"https:\/\/nextlevelmedicalclinic.com\/?page_id=1412"},"modified":"2025-02-18T16:05:58","modified_gmt":"2025-02-18T21:05:58","slug":"book-online","status":"publish","type":"page","link":"https:\/\/nextlevelmedicalclinic.com\/es\/book-online\/","title":{"rendered":"Book an Appintment"},"content":{"rendered":"<div data-elementor-type=\"wp-page\" data-elementor-id=\"1412\" class=\"elementor elementor-1412\" data-elementor-post-type=\"page\">\n\t\t\t\t\t\t<section class=\"elementor-section elementor-top-section elementor-element elementor-element-08611d6 elementor-section-boxed elementor-section-height-default elementor-section-height-default\" data-id=\"08611d6\" data-element_type=\"section\">\n\t\t\t\t\t\t<div class=\"elementor-container elementor-column-gap-default\">\n\t\t\t\t\t<div class=\"elementor-column elementor-col-100 elementor-top-column elementor-element elementor-element-d97ba14\" data-id=\"d97ba14\" data-element_type=\"column\">\n\t\t\t<div class=\"elementor-widget-wrap elementor-element-populated\">\n\t\t\t\t\t\t<div class=\"elementor-element elementor-element-5242f1b elementor-widget elementor-widget-heading\" data-id=\"5242f1b\" data-element_type=\"widget\" data-widget_type=\"heading.default\">\n\t\t\t\t\t<h2 class=\"elementor-heading-title elementor-size-default\">Book an  appointment<\/h2>\t\t\t\t<\/div>\n\t\t\t\t<div class=\"elementor-element elementor-element-5b1547e elementor-widget elementor-widget-heading\" data-id=\"5b1547e\" data-element_type=\"widget\" data-widget_type=\"heading.default\">\n\t\t\t\t\t<h2 class=\"elementor-heading-title elementor-size-default\">High-Quality Medical Care For Patients Of All Ages<\/h2>\t\t\t\t<\/div>\n\t\t\t\t<div class=\"elementor-element elementor-element-d7de19f elementor-widget elementor-widget-text-editor\" data-id=\"d7de19f\" data-element_type=\"widget\" data-widget_type=\"text-editor.default\">\n\t\t\t\t\t\t\t\t\t<p>Estamos aqu\u00ed para ti. Tanto si necesitas un <strong>revisi\u00f3n de rutina<\/strong> o buscas <strong>tratamiento de un problema de salud m\u00e1s grave<\/strong>- Nuestro equipo de trabajo estar\u00e1 all\u00ed para ayudar.<\/p><p>Tambi\u00e9n ofrecemos una amplia gama de servicios, <strong>de la atenci\u00f3n familiar al deporte escolar f\u00edsico<\/strong>. No importa lo que <strong>tus necesidades m\u00e9dicas<\/strong> son, podemos proporcionarle la atenci\u00f3n que necesitas.<\/p>\t\t\t\t\t\t\t\t<\/div>\n\t\t\t\t<div class=\"elementor-element elementor-element-da31bd8 elementor-widget elementor-widget-heading\" data-id=\"da31bd8\" data-element_type=\"widget\" data-widget_type=\"heading.default\">\n\t\t\t\t\t<h2 class=\"elementor-heading-title elementor-size-default\">Horario de la cl\u00ednica:<\/h2>\t\t\t\t<\/div>\n\t\t\t\t<div class=\"elementor-element elementor-element-11528b2 elementor-widget elementor-widget-heading\" data-id=\"11528b2\" data-element_type=\"widget\" data-widget_type=\"heading.default\">\n\t\t\t\t\t<h2 class=\"elementor-heading-title elementor-size-default\">Lunes de 8:00 AM a 6:00 PM<\/h2>\t\t\t\t<\/div>\n\t\t\t\t<div class=\"elementor-element elementor-element-4038c40 elementor-widget elementor-widget-heading\" data-id=\"4038c40\" data-element_type=\"widget\" data-widget_type=\"heading.default\">\n\t\t\t\t\t<h2 class=\"elementor-heading-title elementor-size-default\">Martes de 8:00 AM a 8:00 PM<\/h2>\t\t\t\t<\/div>\n\t\t\t\t<div class=\"elementor-element elementor-element-de39e31 elementor-widget elementor-widget-heading\" data-id=\"de39e31\" data-element_type=\"widget\" data-widget_type=\"heading.default\">\n\t\t\t\t\t<h2 class=\"elementor-heading-title elementor-size-default\">Mi\u00e9rcoles de 8:00 AM a 8:00 PM<\/h2>\t\t\t\t<\/div>\n\t\t\t\t<div class=\"elementor-element elementor-element-84fe043 elementor-widget elementor-widget-heading\" data-id=\"84fe043\" data-element_type=\"widget\" data-widget_type=\"heading.default\">\n\t\t\t\t\t<h2 class=\"elementor-heading-title elementor-size-default\">Jueves de 8:00 AM a 12:00 PM<\/h2>\t\t\t\t<\/div>\n\t\t\t\t<div class=\"elementor-element elementor-element-5a07b80 elementor-widget elementor-widget-heading\" data-id=\"5a07b80\" data-element_type=\"widget\" data-widget_type=\"heading.default\">\n\t\t\t\t\t<h2 class=\"elementor-heading-title elementor-size-default\">Cerrado por almuerzo de 12:00 PM a 1:30 PM <\/h2>\t\t\t\t<\/div>\n\t\t\t\t<div class=\"elementor-element elementor-element-0a3deda elementor-widget elementor-widget-heading\" data-id=\"0a3deda\" data-element_type=\"widget\" data-widget_type=\"heading.default\">\n\t\t\t\t\t<h2 class=\"elementor-heading-title elementor-size-default\">Cerrado los viernes, s\u00e1bados y domingos.<\/h2>\t\t\t\t<\/div>\n\t\t\t\t<section class=\"elementor-section elementor-inner-section elementor-element elementor-element-e997a17 elementor-section-boxed elementor-section-height-default elementor-section-height-default\" data-id=\"e997a17\" data-element_type=\"section\" data-settings=\"{&quot;background_background&quot;:&quot;classic&quot;}\">\n\t\t\t\t\t\t<div class=\"elementor-container elementor-column-gap-default\">\n\t\t\t\t\t<div class=\"elementor-column elementor-col-100 elementor-inner-column elementor-element elementor-element-c2e3664\" data-id=\"c2e3664\" data-element_type=\"column\">\n\t\t\t<div class=\"elementor-widget-wrap elementor-element-populated\">\n\t\t\t\t\t\t<div class=\"elementor-element elementor-element-a82c970 elementor-widget elementor-widget-heading\" data-id=\"a82c970\" data-element_type=\"widget\" data-widget_type=\"heading.default\">\n\t\t\t\t\t<h2 class=\"elementor-heading-title elementor-size-default\">Reservar una cita<\/h2>\t\t\t\t<\/div>\n\t\t\t\t<div class=\"elementor-element elementor-element-426bca5 elementor-button-align-center elementor-widget elementor-widget-form\" data-id=\"426bca5\" data-element_type=\"widget\" data-settings=\"{&quot;step_next_label&quot;:&quot;Next&quot;,&quot;step_previous_label&quot;:&quot;Previous&quot;,&quot;button_width&quot;:&quot;100&quot;,&quot;step_type&quot;:&quot;number_text&quot;,&quot;step_icon_shape&quot;:&quot;circle&quot;}\" data-widget_type=\"form.default\">\n\t\t\t\t\t\t\t<form class=\"elementor-form\" method=\"post\" name=\"Appointment\" aria-label=\"Appointment\" action=\"\">\n\t\t\t<input type=\"hidden\" name=\"post_id\" value=\"1412\"\/>\n\t\t\t<input type=\"hidden\" name=\"form_id\" value=\"426bca5\"\/>\n\t\t\t<input type=\"hidden\" name=\"referer_title\" value=\"Appointments\" \/>\n\n\t\t\t\t\t\t\t<input type=\"hidden\" name=\"queried_id\" value=\"1412\"\/>\n\t\t\t\n\t\t\t<div class=\"elementor-form-fields-wrapper elementor-labels-\">\n\t\t\t\t\t\t\t\t<div class=\"elementor-field-type-text elementor-field-group elementor-column elementor-field-group-name elementor-col-50 elementor-field-required\">\n\t\t\t\t\t\t\t\t\t\t\t\t<label for=\"form-field-name\" class=\"elementor-field-label elementor-screen-only\">\n\t\t\t\t\t\t\t\tNombre\t\t\t\t\t\t\t<\/label>\n\t\t\t\t\t\t\t\t\t\t\t\t\t\t<input size=\"1\" type=\"text\" name=\"form_fields[name]\" id=\"form-field-name\" class=\"elementor-field elementor-size-sm  elementor-field-textual\" placeholder=\"Tu nombre\" required=\"required\">\n\t\t\t\t\t\t\t\t\t\t\t<\/div>\n\t\t\t\t\t\t\t\t<div class=\"elementor-field-type-text elementor-field-group elementor-column elementor-field-group-field_e310c21 elementor-col-50 elementor-field-required\">\n\t\t\t\t\t\t\t\t\t\t\t\t<label for=\"form-field-field_e310c21\" class=\"elementor-field-label elementor-screen-only\">\n\t\t\t\t\t\t\t\tTel\u00e9fono\t\t\t\t\t\t\t<\/label>\n\t\t\t\t\t\t\t\t\t\t\t\t\t\t<input size=\"1\" type=\"text\" name=\"form_fields[field_e310c21]\" id=\"form-field-field_e310c21\" class=\"elementor-field elementor-size-sm  elementor-field-textual\" placeholder=\"Tu tel\u00e9fono\" required=\"required\">\n\t\t\t\t\t\t\t\t\t\t\t<\/div>\n\t\t\t\t\t\t\t\t<div class=\"elementor-field-type-email elementor-field-group elementor-column elementor-field-group-email elementor-col-50 elementor-field-required\">\n\t\t\t\t\t\t\t\t\t\t\t\t<label for=\"form-field-email\" class=\"elementor-field-label elementor-screen-only\">\n\t\t\t\t\t\t\t\tEmail\t\t\t\t\t\t\t<\/label>\n\t\t\t\t\t\t\t\t\t\t\t\t\t\t<input size=\"1\" type=\"email\" name=\"form_fields[email]\" id=\"form-field-email\" class=\"elementor-field elementor-size-sm  elementor-field-textual\" placeholder=\"Tu correo electr\u00f3nico\" required=\"required\">\n\t\t\t\t\t\t\t\t\t\t\t<\/div>\n\t\t\t\t\t\t\t\t<div class=\"elementor-field-type-date elementor-field-group elementor-column elementor-field-group-field_7def41f elementor-col-50 elementor-field-required\">\n\t\t\t\t\t\t\t\t\t\t\t\t<label for=\"form-field-field_7def41f\" class=\"elementor-field-label elementor-screen-only\">\n\t\t\t\t\t\t\t\tFecha\t\t\t\t\t\t\t<\/label>\n\t\t\t\t\t\t\n\t\t<input type=\"date\" name=\"form_fields[field_7def41f]\" id=\"form-field-field_7def41f\" class=\"elementor-field elementor-size-sm  elementor-field-textual elementor-date-field\" placeholder=\"Fecha\" required=\"required\" pattern=\"[0-9]{4}-[0-9]{2}-[0-9]{2}\">\n\t\t\t\t\t\t<\/div>\n\t\t\t\t\t\t\t\t<div class=\"elementor-field-type-textarea elementor-field-group elementor-column elementor-field-group-field_169a984 elementor-col-100 elementor-field-required\">\n\t\t\t\t\t\t\t\t\t\t\t\t<label for=\"form-field-field_169a984\" class=\"elementor-field-label elementor-screen-only\">\n\t\t\t\t\t\t\t\traz\u00f3n\t\t\t\t\t\t\t<\/label>\n\t\t\t\t\t\t<textarea class=\"elementor-field-textual elementor-field  elementor-size-sm\" name=\"form_fields[field_169a984]\" id=\"form-field-field_169a984\" rows=\"4\" placeholder=\"Motivo de la cita\" required=\"required\"><\/textarea>\t\t\t\t<\/div>\n\t\t\t\t\t\t\t\t<div class=\"elementor-field-type-radio elementor-field-group elementor-column elementor-field-group-field_3c6a4a9 elementor-col-100 elementor-field-required\">\n\t\t\t\t\t\t\t\t\t\t\t\t<label for=\"form-field-field_3c6a4a9\" class=\"elementor-field-label elementor-screen-only\">\n\t\t\t\t\t\t\t\tUbicaci\u00f3n\t\t\t\t\t\t\t<\/label>\n\t\t\t\t\t\t<div class=\"elementor-field-subgroup  elementor-subgroup-inline\"><span class=\"elementor-field-option\"><input type=\"radio\" value=\"In-person care\" id=\"form-field-field_3c6a4a9-0\" name=\"form_fields[field_3c6a4a9]\" required=\"required\"> <label for=\"form-field-field_3c6a4a9-0\">Atenci\u00f3n presencial<\/label><\/span><span class=\"elementor-field-option\"><input type=\"radio\" value=\"Telehealth\" id=\"form-field-field_3c6a4a9-1\" name=\"form_fields[field_3c6a4a9]\" required=\"required\"> <label for=\"form-field-field_3c6a4a9-1\">Telesalud<\/label><\/span><\/div>\t\t\t\t<\/div>\n\t\t\t\t\t\t\t\t<div class=\"elementor-field-type-recaptcha_v3 elementor-field-group elementor-column elementor-field-group-field_50087fd elementor-col-100 recaptcha_v3-bottomright\">\n\t\t\t\t\t<div class=\"elementor-field\" id=\"form-field-field_50087fd\"><div class=\"elementor-g-recaptcha\" data-sitekey=\"6Lc2xW4hAAAAAFT1O2am6WGPsP3sg6GMBrz6CSnQ\" data-type=\"v3\" data-action=\"Form\" data-badge=\"bottomright\" data-size=\"invisible\"><\/div><\/div>\t\t\t\t<\/div>\n\t\t\t\t\t\t\t\t<div class=\"elementor-field-group elementor-column elementor-field-type-submit elementor-col-100 e-form__buttons\">\n\t\t\t\t\t<button class=\"elementor-button elementor-size-sm\" type=\"submit\">\n\t\t\t\t\t\t<span class=\"elementor-button-content-wrapper\">\n\t\t\t\t\t\t\t\t\t\t\t\t\t\t\t\t\t\t\t\t\t\t<span class=\"elementor-button-text\">Solicitar Reserva<\/span>\n\t\t\t\t\t\t\t\t\t\t\t\t\t<\/span>\n\t\t\t\t\t<\/button>\n\t\t\t\t<\/div>\n\t\t\t<\/div>\n\t\t<input type=\"hidden\" name=\"trp-form-language\" value=\"es\"\/><\/form>\n\t\t\t\t\t\t<\/div>\n\t\t\t\t\t<\/div>\n\t\t<\/div>\n\t\t\t\t\t<\/div>\n\t\t<\/section>\n\t\t\t\t\t<\/div>\n\t\t<\/div>\n\t\t\t\t\t<\/div>\n\t\t<\/section>\n\t\t\t\t<\/div>","protected":false},"excerpt":{"rendered":"<p>Book an appointment High-Quality Medical Care For Patients Of All Ages We&#8217;re here for you. Whether you need a routine check-up or are dealing with a more serious health issue, our experienced and compassionate staff will be there to help. We also offer a wide range of services, from family care to School Sports Physical. [&hellip;]<\/p>","protected":false},"author":1,"featured_media":0,"parent":0,"menu_order":0,"comment_status":"closed","ping_status":"closed","template":"","meta":{"footnotes":""},"class_list":["post-1412","page","type-page","status-publish","hentry"],"_links":{"self":[{"href":"https:\/\/nextlevelmedicalclinic.com\/es\/wp-json\/wp\/v2\/pages\/1412","targetHints":{"allow":["GET"]}}],"collection":[{"href":"https:\/\/nextlevelmedicalclinic.com\/es\/wp-json\/wp\/v2\/pages"}],"about":[{"href":"https:\/\/nextlevelmedicalclinic.com\/es\/wp-json\/wp\/v2\/types\/page"}],"author":[{"embeddable":true,"href":"https:\/\/nextlevelmedicalclinic.com\/es\/wp-json\/wp\/v2\/users\/1"}],"replies":[{"embeddable":true,"href":"https:\/\/nextlevelmedicalclinic.com\/es\/wp-json\/wp\/v2\/comments?post=1412"}],"version-history":[{"count":8,"href":"https:\/\/nextlevelmedicalclinic.com\/es\/wp-json\/wp\/v2\/pages\/1412\/revisions"}],"predecessor-version":[{"id":1420,"href":"https:\/\/nextlevelmedicalclinic.com\/es\/wp-json\/wp\/v2\/pages\/1412\/revisions\/1420"}],"wp:attachment":[{"href":"https:\/\/nextlevelmedicalclinic.com\/es\/wp-json\/wp\/v2\/media?parent=1412"}],"curies":[{"name":"wp","href":"https:\/\/api.w.org\/{rel}","templated":true}]}}